{"id":362,"date":"2026-03-24T22:56:34","date_gmt":"2026-03-24T21:56:34","guid":{"rendered":"https:\/\/mimearts.it\/summerschool\/"},"modified":"2026-03-25T00:28:46","modified_gmt":"2026-03-24T23:28:46","slug":"summerschool","status":"publish","type":"page","link":"https:\/\/mimearts.it\/en\/summerschool\/","title":{"rendered":"SummerSchool"},"content":{"rendered":"<div class=\"et_pb_section_1 et_pb_section et_section_regular et_flex_section\">\n<div class=\"et_pb_row_4 et_pb_row et_flex_row\">\n<div class=\"et_pb_column_4 et_pb_column et-last-child et_flex_column_24_24 et_flex_column et_pb_css_mix_blend_mode_passthrough\">\n<div class=\"et_pb_image_4 et_pb_image et_pb_module\"><span class=\"et_pb_image_wrap\"><img loading=\"lazy\" decoding=\"async\" src=\"https:\/\/mimearts.it\/wp-content\/uploads\/2026\/03\/MASS-2026-locandina-orizzontale.jpg\" width=\"2479\" height=\"1131\" srcset=\"https:\/\/mimearts.it\/wp-content\/uploads\/2026\/03\/MASS-2026-locandina-orizzontale.jpg 2479w, https:\/\/mimearts.it\/wp-content\/uploads\/2026\/03\/MASS-2026-locandina-orizzontale-1280x584.jpg 1280w, https:\/\/mimearts.it\/wp-content\/uploads\/2026\/03\/MASS-2026-locandina-orizzontale-980x447.jpg 980w, https:\/\/mimearts.it\/wp-content\/uploads\/2026\/03\/MASS-2026-locandina-orizzontale-480x219.jpg 480w\" sizes=\"(min-width: 0px) and (max-width: 480px) 480px, (min-width: 481px) and (max-width: 980px) 980px, (min-width: 981px) and (max-width: 1280px) 1280px, (min-width: 1281px) 2479px, 100vw\" class=\"wp-image-355 wp-image-356\" \/><\/span><\/div>\n<\/div>\n<\/div>\n\n<div class=\"et_pb_row_5 et_pb_row et_flex_row\">\n<div class=\"et_pb_column_5 et_pb_column et-last-child et_flex_column_24_24 et_flex_column et_pb_css_mix_blend_mode_passthrough\">\n<div class=\"et_pb_text_7 et_pb_text et_pb_bg_layout_light et_pb_text_align_left et_pb_module\"><div class=\"et_pb_text_inner\"><h1 style=\"text-align: center;\">MIME ARTS SUMMER SCHOOL<\/h1>\n<\/div><\/div>\n\n<div class=\"et_pb_text_8 et_pb_text et_pb_bg_layout_light et_pb_text_align_left et_pb_module\"><div class=\"et_pb_text_inner\"><p style=\"text-align: center;\"><span style=\"font-weight: 400;\">In Search of the New Mime<\/span><\/p>\n<\/div><\/div>\n\n<div class=\"et_pb_text_9 et_pb_text et_pb_bg_layout_light et_pb_text_align_left et_pb_module\"><div class=\"et_pb_text_inner\"><p style=\"text-align: center;\"><strong>From July 20 to 24, 2026<\/strong><br \/>Teatro del Montevaso &#8211; Chianni (PI) &#8211; Tuscany<\/p>\n<\/div><\/div>\n<\/div>\n<\/div>\n\n<div class=\"et_pb_row_6 et_pb_row et_flex_row\">\n<div class=\"et_pb_column_6 et_pb_column et-last-child et_flex_column_24_24 et_flex_column et_pb_css_mix_blend_mode_passthrough\">\n<div class=\"et_pb_text_10 et_pb_text et_pb_bg_layout_light et_pb_text_align_left et_pb_module\"><div class=\"et_pb_text_inner\"><p><span style=\"font-weight: 400;\">A residential full immersion dedicated to the Arts of Mime, in the splendid setting of the Tuscan hills! It will be an intensive week where you can learn, consolidate, and explore your personal Art of Mime. <\/span><\/p>\n<p>&nbsp;<\/p>\n<p><b>Training + exploration + creation + connection!<\/b><\/p>\n<p>&nbsp;<\/p>\n<p><span style=\"font-weight: 400;\">This week features a wide range of techniques, stimuli, and theoretical principles that provide participants with tools to explore a personal path to physical storytelling. <\/span><\/p>\n<p><span style=\"font-weight: 400;\">From Mime-Dance to Street Mime, from Children&#8217;s Theatre to Experimental Mime&#8230; <\/span><\/p>\n<p><span style=\"font-weight: 400;\">Like every Art, different genres can exist in Mime starting from the same principles, giving life to as many styles as there are artists who practice it. <\/span><\/p>\n<p><span style=\"font-weight: 400;\">This is a new method, a vision of Mime called <\/span><b>\u201cNouveau Mime.\u201d<\/b><span style=\"font-weight: 400;\"> <\/span><\/p>\n<p><span style=\"font-weight: 400;\">Nouveau Mime is the Art of Mime at 360\u00b0 which, without forgetting its essence and its millennial history, expands and explores numerous genres and infinite styles. <\/span><\/p>\n<\/div><\/div>\n\n<div class=\"et_pb_image_5 et_pb_image et_pb_module\"><span class=\"et_pb_image_wrap\"><img loading=\"lazy\" decoding=\"async\" src=\"https:\/\/mimearts.it\/wp-content\/uploads\/2026\/03\/capannone2_JPG.jpg\" width=\"1637\" height=\"1090\" srcset=\"https:\/\/mimearts.it\/wp-content\/uploads\/2026\/03\/capannone2_JPG.jpg 1637w, https:\/\/mimearts.it\/wp-content\/uploads\/2026\/03\/capannone2_JPG-1280x852.jpg 1280w, https:\/\/mimearts.it\/wp-content\/uploads\/2026\/03\/capannone2_JPG-980x653.jpg 980w, https:\/\/mimearts.it\/wp-content\/uploads\/2026\/03\/capannone2_JPG-480x320.jpg 480w\" sizes=\"(min-width: 0px) and (max-width: 480px) 480px, (min-width: 481px) and (max-width: 980px) 980px, (min-width: 981px) and (max-width: 1280px) 1280px, (min-width: 1281px) 1637px, 100vw\" class=\"wp-image-358\" \/><\/span><\/div>\n\n<div class=\"et_pb_text_11 et_pb_text et_pb_bg_layout_light et_pb_text_align_left et_pb_module\"><div class=\"et_pb_text_inner\"><p><strong>Main topics of the Mime Arts Summer School:<\/strong><\/p>\n<ul>\n<li style=\"font-weight: 400;\" aria-level=\"1\"><b>Physical <\/b><span style=\"font-weight: 400;\">training and Isolations<\/span><\/li>\n<li style=\"font-weight: 400;\" aria-level=\"1\"><b>Mimesis<\/b><span style=\"font-weight: 400;\">: principles of universal storytelling<\/span><\/li>\n<li style=\"font-weight: 400;\" aria-level=\"1\"><b>Poiesis<\/b><span style=\"font-weight: 400;\">: the power to create from nothing<\/span><\/li>\n<li style=\"font-weight: 400;\" aria-level=\"1\"><span style=\"font-weight: 400;\">Principles of <\/span><b>Psychology of Perception<\/b><span style=\"font-weight: 400;\"> applied to Mime<\/span><\/li>\n<li style=\"font-weight: 400;\" aria-level=\"1\"><span style=\"font-weight: 400;\">Principles of<\/span><b> cinematic storytelling<\/b><span style=\"font-weight: 400;\"> applied to Physical Narrative<\/span><\/li>\n<li style=\"font-weight: 400;\" aria-level=\"1\"><span style=\"font-weight: 400;\">Mime techniques to bring <\/span><b>real objects to life<\/b><\/li>\n<li style=\"font-weight: 400;\" aria-level=\"1\"><span style=\"font-weight: 400;\">Exploring <\/span><b>Mime-Dance (<\/b><span style=\"font-weight: 400;\">Physical Storytelling)<\/span><\/li>\n<li style=\"font-weight: 400;\" aria-level=\"1\"><b>Improvisations<\/b><span style=\"font-weight: 400;\"> and small creations<\/span><\/li>\n<li style=\"font-weight: 400;\" aria-level=\"1\"><span style=\"font-weight: 400;\">Creation <\/span><b>Workshop<\/b><span style=\"font-weight: 400;\"> for the realization of a final performance<\/span><\/li>\n<\/ul>\n<p>&nbsp;<\/p>\n<h3><b>What to expect<\/b><\/h3>\n<ul>\n<li style=\"font-weight: 400;\" aria-level=\"1\"><span style=\"font-weight: 400;\">A<\/span><b> theater hall<\/b><span style=\"font-weight: 400;\"> with large windows, immersed <\/span><b>in the Tuscan hills<\/b><span style=\"font-weight: 400;\">.<\/span> <\/li>\n<li style=\"font-weight: 400;\" aria-level=\"1\"><span style=\"font-weight: 400;\">A<\/span><b> historic villa <\/b><span style=\"font-weight: 400;\">with apartments and a cozy kitchen where we all eat together.<\/span> <\/li>\n<li style=\"font-weight: 400;\" aria-level=\"1\"><span style=\"font-weight: 400;\">Many hours a day dedicated to <\/span><b>training<\/b><span style=\"font-weight: 400;\">, <\/span><b>education<\/b><span style=\"font-weight: 400;\">, and <\/span><b>creation<\/b><span style=\"font-weight: 400;\">.<\/span><\/li>\n<li style=\"font-weight: 400;\" aria-level=\"1\"><span style=\"font-weight: 400;\">Professional training and creative support, respecting your artistic path and your goals.<\/span><\/li>\n<li style=\"font-weight: 400;\" aria-level=\"1\"><b>Convivial moments <\/b><span style=\"font-weight: 400;\">for connection and getting to know each other.<\/span> <\/li>\n<li style=\"font-weight: 400;\" aria-level=\"1\"><span style=\"font-weight: 400;\">A week of growth and <\/span><b>new discoveries<\/b><span style=\"font-weight: 400;\">!<\/span> <\/li>\n<\/ul>\n<\/div><\/div>\n\n<div class=\"et_pb_image_6 et_pb_image et_pb_module\"><span class=\"et_pb_image_wrap\"><img loading=\"lazy\" decoding=\"async\" src=\"https:\/\/mimearts.it\/wp-content\/uploads\/2026\/03\/area-wifi_JPG.jpg\" width=\"1637\" height=\"1090\" srcset=\"https:\/\/mimearts.it\/wp-content\/uploads\/2026\/03\/area-wifi_JPG.jpg 1637w, https:\/\/mimearts.it\/wp-content\/uploads\/2026\/03\/area-wifi_JPG-1280x852.jpg 1280w, https:\/\/mimearts.it\/wp-content\/uploads\/2026\/03\/area-wifi_JPG-980x653.jpg 980w, https:\/\/mimearts.it\/wp-content\/uploads\/2026\/03\/area-wifi_JPG-480x320.jpg 480w\" sizes=\"(min-width: 0px) and (max-width: 480px) 480px, (min-width: 481px) and (max-width: 980px) 980px, (min-width: 981px) and (max-width: 1280px) 1280px, (min-width: 1281px) 1637px, 100vw\" class=\"wp-image-359\" \/><\/span><\/div>\n\n<div class=\"et_pb_text_12 et_pb_text et_pb_bg_layout_light et_pb_text_align_left et_pb_module\"><div class=\"et_pb_text_inner\"><h3><b>Details<\/b><\/h3>\n<p><span style=\"font-weight: 400;\"><strong>From July 20 to 24, 2026<\/strong><br \/><\/span><em><span style=\"font-weight: 400;\">(arrival on July 19, departure on July 25)<\/span><\/em><\/p>\n<p><span style=\"font-weight: 400;\"><strong>@ Teatro del Montevaso<\/strong><br \/><\/span><span style=\"font-weight: 400;\"><a href=\"https:\/\/maps.app.goo.gl\/idENZaVtd1wCHhbJA\">https:\/\/maps.app.goo.gl\/idENZaVtd1wCHhbJA<\/a><br \/><a href=\"https:\/\/maps.app.goo.gl\/idENZaVtd1wCHhbJA\"><\/a><\/span><a href=\"http:\/\/www.teatrodelmontevaso.it\/\"><span style=\"font-weight: 400;\">http:\/\/www.teatrodelmontevaso.it\/<\/span><\/a><\/p>\n<p>&nbsp;<\/p>\n<h3><b>PROGRAM:<\/b><b><\/b><\/h3>\n<p>&nbsp;<\/p>\n<p><b>Sunday, July 19<\/b><\/p>\n<ul>\n<li><span style=\"font-weight: 400;\">Arrival during the day<\/span><\/li>\n<li><span style=\"font-weight: 400;\">Room assignments<\/span><\/li>\n<li><span style=\"font-weight: 400;\">Welcome dinner and sharing of goals<\/span><\/li>\n<\/ul>\n<p>&nbsp;<\/p>\n<p><b>From July 20 to 24 inclusive<\/b><\/p>\n<ul>\n<li style=\"font-weight: 400;\" aria-level=\"1\"><span style=\"font-weight: 400;\">Breakfast<\/span><\/li>\n<li style=\"font-weight: 400;\" aria-level=\"1\"><span style=\"font-weight: 400;\">10:00 AM &#8211; 1:00 PM: Morning work session<\/span><\/li>\n<li style=\"font-weight: 400;\" aria-level=\"1\"><span style=\"font-weight: 400;\">Lunch break<\/span><\/li>\n<li style=\"font-weight: 400;\" aria-level=\"1\"><span style=\"font-weight: 400;\">2:30 PM &#8211; 6:30 PM: Afternoon work session<\/span><\/li>\n<li style=\"font-weight: 400;\" aria-level=\"1\"><span style=\"font-weight: 400;\">Free time<\/span><\/li>\n<li style=\"font-weight: 400;\" aria-level=\"1\"><span style=\"font-weight: 400;\">From 8:00 PM: Dinner and possible evening activities (games, screenings, shows&#8230;)<\/span><\/li>\n<\/ul>\n<p>&nbsp;<\/p>\n<p><b>Friday, July 24 &#8211; evening<\/b><\/p>\n<ul>\n<li style=\"font-weight: 400;\" aria-level=\"1\"><span style=\"font-weight: 400;\">Mime Cabaret for the public presentation of creations or repertoire pieces<\/span><\/li>\n<li style=\"font-weight: 400;\" aria-level=\"1\"><span style=\"font-weight: 400;\">Following: Mime Party!<\/span><\/li>\n<\/ul>\n<p>&nbsp;<\/p>\n<p><b>Saturday, July 25<\/b><\/p>\n<ul>\n<li style=\"font-weight: 400;\" aria-level=\"1\"><span style=\"font-weight: 400;\">Breakfast and closing circle<\/span><\/li>\n<li style=\"font-weight: 400;\" aria-level=\"1\"><span style=\"font-weight: 400;\">Departure<\/span><\/li>\n<\/ul>\n<p>&nbsp;<\/p>\n<p><b>COST<\/b><span style=\"font-weight: 400;\">:<\/span><\/p>\n<ul>\n<li style=\"font-weight: 400;\" aria-level=\"1\"><span style=\"font-weight: 400;\">\u20ac650.00 all-inclusive (seminar, room and board)<\/span><\/li>\n<li style=\"font-weight: 400;\" aria-level=\"1\"><span style=\"font-weight: 400;\">By April 30: early bird at \u20ac600.00<\/span>\n<p>&nbsp;<\/p>\n<\/li>\n<li style=\"font-weight: 400;\" aria-level=\"1\"><span style=\"font-weight: 400;\">Participants living in the European Union can apply for a grant of up to approximately \u20ac1,000 <br \/><\/span><a href=\"https:\/\/culture.ec.europa.eu\/culture-moves-europe\/calls\/call-for-individual-mobility-2025-2026\"><span style=\"font-weight: 400;\">https:\/\/culture.ec.europa.eu\/culture-moves-europe\/calls\/call-for-individual-mobility-2025-2026<\/span><\/a><\/li>\n<\/ul>\n<p>&nbsp;<\/p>\n<p>&nbsp;<\/p>\n<\/div><\/div>\n\n<div class=\"et_pb_image_7 et_pb_image et_pb_module\"><span class=\"et_pb_image_wrap\"><img loading=\"lazy\" decoding=\"async\" src=\"https:\/\/mimearts.it\/wp-content\/uploads\/2026\/03\/capannone2_JPG.jpg\" width=\"1637\" height=\"1090\" srcset=\"https:\/\/mimearts.it\/wp-content\/uploads\/2026\/03\/capannone2_JPG.jpg 1637w, https:\/\/mimearts.it\/wp-content\/uploads\/2026\/03\/capannone2_JPG-1280x852.jpg 1280w, https:\/\/mimearts.it\/wp-content\/uploads\/2026\/03\/capannone2_JPG-980x653.jpg 980w, https:\/\/mimearts.it\/wp-content\/uploads\/2026\/03\/capannone2_JPG-480x320.jpg 480w\" sizes=\"(min-width: 0px) and (max-width: 480px) 480px, (min-width: 481px) and (max-width: 980px) 980px, (min-width: 981px) and (max-width: 1280px) 1280px, (min-width: 1281px) 1637px, 100vw\" class=\"wp-image-358\" \/><\/span><\/div>\n\n<div class=\"et_pb_text_13 et_pb_text et_pb_bg_layout_light et_pb_text_align_left et_pb_module\"><div class=\"et_pb_text_inner\"><h3><b>Who it&#8217;s for<\/b><\/h3>\n<p><span style=\"font-weight: 400;\">The Summer School is mainly aimed at:<\/span><\/p>\n<ul>\n<li style=\"font-weight: 400;\" aria-level=\"1\"><span style=\"font-weight: 400;\">Professional performers <\/span><\/li>\n<li style=\"font-weight: 400;\" aria-level=\"1\"><span style=\"font-weight: 400;\">Aspiring professionals with training in the Performing Arts<\/span><\/li>\n<li style=\"font-weight: 400;\" aria-level=\"1\"><span style=\"font-weight: 400;\">People who want to start studying Mime<\/span><\/li>\n<\/ul>\n<p><b>Languages spoken<br \/><\/b><span style=\"font-weight: 400;\">Italian, English, Fran\u00e7ais, Espa\u00f1ol, Portugu\u00eas<\/span> <\/p>\n<p>&nbsp;<\/p>\n<h3><b>Matteo Cionini<\/b><\/h3>\n<ul>\n<li style=\"font-weight: 400;\" aria-level=\"1\"><b>Director<\/b><span style=\"font-weight: 400;\"> of the <\/span><a href=\"https:\/\/mimearts.it\/en\/\"><span style=\"font-weight: 400;\">Mime Arts Academy Turin<\/span><\/a><\/li>\n<li style=\"font-weight: 400;\" aria-level=\"1\"><b>Mime Instructor<\/b><span style=\"font-weight: 400;\"> at the <\/span><a href=\"https:\/\/teatrofisico.com\"><span style=\"font-weight: 400;\">Atelier Teatro Fisico<\/span><\/a><span style=\"font-weight: 400;\"> Philip Radice<\/span><\/li>\n<li style=\"font-weight: 400;\" aria-level=\"1\"><b>Artistic Director<\/b><span style=\"font-weight: 400;\"> of the <\/span><a href=\"https:\/\/lovemime.com\"><span style=\"font-weight: 400;\">Turin International Mime Festival<\/span><\/a><\/li>\n<li style=\"font-weight: 400;\" aria-level=\"1\"><b>Director<\/b><span style=\"font-weight: 400;\"> of the Mimetica company<\/span><\/li>\n<li style=\"font-weight: 400;\" aria-level=\"1\"><b>President<\/b><span style=\"font-weight: 400;\"> of Immaginazioni Aps<\/span><\/li>\n<li style=\"font-weight: 400;\" aria-level=\"1\"><b>Actor and Mime<\/b><span style=\"font-weight: 400;\"> with over 20 years of international experience. <\/span><span style=\"font-weight: 400;\"><br \/><\/span><span style=\"font-weight: 400;\">His shows have been performed throughout Europe, in Mexico, Cuba, Armenia, Thailand, Japan, Indonesia, and Australia.<\/span><\/li>\n<\/ul>\n<p>&nbsp;<\/p>\n<p><b>Graduate<\/b><span style=\"font-weight: 400;\"> of the Department of Art, Music and Performing Arts at the University of Bologna, with a thesis in the History of Dance and Mime.<br \/><\/span><span style=\"font-weight: 400;\">He trained professionally at the <\/span><b>Performing Arts University Turin<\/b><span style=\"font-weight: 400;\"> directed by Philip Radice (Lecoq method). <\/span><span style=\"font-weight: 400;\">He furthered his <\/span><b>training<\/b><span style=\"font-weight: 400;\"> in Mime with Masters such as Corinne Soum and Steven Wasson, Yves Lebreton, Elena Serra, Patrizia Besantini, Familie Fl\u00f6z, and others.<\/span><\/p>\n<p> <span style=\"font-weight: 400;\">Since 2008 he has been teaching Mime and Physical Theatre and leading Intensive Workshops<\/span><\/p>\n<p><span style=\"font-weight: 400;\">Since 2015 he has been a Mime instructor at the Atelier Teatro Fisico<\/span><\/p>\n<p>&nbsp;<\/p>\n<p><span style=\"font-weight: 400;\"> <\/span><\/p>\n<h3><b>MAAT<\/b><\/h3>\n<p><span style=\"font-weight: 400;\">The <\/span><b>Mime Arts Academy Turin <\/b><span style=\"font-weight: 400;\">was founded in 2025 as a &#8220;Mime Department&#8221; within the Atelier Teatro Fisico directed by Philip Radice.<\/span> <\/p>\n<p><span style=\"font-weight: 400;\">It brings together over 15 years of experience and pedagogical research by Matteo Cionini, envisioning a broader and more specialized training reality in the new Art of Mime. <\/span><\/p>\n<p><span style=\"font-weight: 400;\">Alongside his path and vision called &#8220;Nouveau Mime,&#8221; the training program benefits from the collaboration of Carlotta Basso, a young artist and instructor of Corporeal Mime. <\/span><\/p>\n<p><span style=\"font-weight: 400;\">MAAT is a dynamic reality, offering a <\/span><b>range of training possibilities<\/b><span style=\"font-weight: 400;\"> suitable for all needs:<\/span><\/p>\n<ul>\n<li style=\"font-weight: 400;\" aria-level=\"1\"><span style=\"font-weight: 400;\"><strong>Professional Course<\/strong> in Turin (2 years + 1)<\/span><\/li>\n<li style=\"font-weight: 400;\" aria-level=\"1\"><span style=\"font-weight: 400;\">Intensive residential <strong>Summer School<\/strong><\/span><\/li>\n<li style=\"font-weight: 400;\" aria-level=\"1\"><strong>Research and Experimentation<\/strong> Workshops<\/li>\n<li style=\"font-weight: 400;\" aria-level=\"1\"><span style=\"font-weight: 400;\">Intensive <strong>Workshops<\/strong> for performing arts schools (In Italy and worldwide)<\/span><\/li>\n<li style=\"font-weight: 400;\" aria-level=\"1\"><span style=\"font-weight: 400;\"><strong>Individual paths<\/strong> for training, artistic consultancy, and directing. <\/span><\/li>\n<\/ul>\n<p>&nbsp;<\/p>\n<h3><b>Teatro del Montevaso<\/b><\/h3>\n<p><span style=\"font-weight: 400;\">Located in the hills of Chianni, Tuscany, Teatro del Montevaso was founded in 1994 as an artistic and civil project deeply rooted in nature and folk traditions. Originally founded as &#8220;Teatro Agricolo,&#8221; it has seen prominent figures of the contemporary scene among its protagonists, such as Ascanio Celestini, Gaetano Ventriglia, and Jean Meningue.  <\/span><\/p>\n<p><span style=\"font-weight: 400;\">The center&#8217;s philosophy is based on the meeting between theatrical research and rural hospitality, transforming the farm into a permanent laboratory for training and creation. Today, Teatro del Montevaso is an international reference point for residential seminars and auteur productions, where stage art strips away the superfluous to rediscover an authentic and communal dimension. <\/span><\/p>\n<\/div><\/div>\n<\/div>\n<\/div>\n\n<div class=\"et_pb_row_7 et_pb_row et_flex_row\">\n<div class=\"et_pb_column_7 et_pb_column et-last-child et_flex_column_24_24 et_flex_column et_pb_css_mix_blend_mode_passthrough\">\n<div class=\"et_pb_code_1 et_pb_code et_pb_module\"><div class=\"et_pb_code_inner\"><iframe src=\"https:\/\/www.google.com\/maps\/embed?pb=!1m18!1m12!1m3!1d2897.2779618714735!2d10.613531875708569!3d43.43391036658698!2m3!1f0!2f0!3f0!3m2!1i1024!2i768!4f13.1!3m3!1m2!1s0x12d5f80a2cfb64cd%3A0xb9ee6bb922a4ffad!2sTenuta%20Agroforestale%20del%20Montevaso!5e0!3m2!1sit!2sit!4v1774393810931!5m2!1sit!2sit\" width=\"600\" height=\"450\" style=\"border:0;\" allowfullscreen=\"\" loading=\"lazy\" referrerpolicy=\"no-referrer-when-downgrade\"><\/iframe><\/div><\/div>\n<\/div>\n<\/div>\n<\/div>","protected":false},"excerpt":{"rendered":"","protected":false},"author":1,"featured_media":0,"parent":0,"menu_order":0,"comment_status":"closed","ping_status":"closed","template":"","meta":{"footnotes":""},"class_list":["post-362","page","type-page","status-publish","hentry"],"_links":{"self":[{"href":"https:\/\/mimearts.it\/en\/wp-json\/wp\/v2\/pages\/362","targetHints":{"allow":["GET"]}}],"collection":[{"href":"https:\/\/mimearts.it\/en\/wp-json\/wp\/v2\/pages"}],"about":[{"href":"https:\/\/mimearts.it\/en\/wp-json\/wp\/v2\/types\/page"}],"author":[{"embeddable":true,"href":"https:\/\/mimearts.it\/en\/wp-json\/wp\/v2\/users\/1"}],"replies":[{"embeddable":true,"href":"https:\/\/mimearts.it\/en\/wp-json\/wp\/v2\/comments?post=362"}],"version-history":[{"count":1,"href":"https:\/\/mimearts.it\/en\/wp-json\/wp\/v2\/pages\/362\/revisions"}],"predecessor-version":[{"id":363,"href":"https:\/\/mimearts.it\/en\/wp-json\/wp\/v2\/pages\/362\/revisions\/363"}],"wp:attachment":[{"href":"https:\/\/mimearts.it\/en\/wp-json\/wp\/v2\/media?parent=362"}],"curies":[{"name":"wp","href":"https:\/\/api.w.org\/{rel}","templated":true}]}}