{"id":195,"date":"2025-10-05T18:16:05","date_gmt":"2025-10-05T16:16:05","guid":{"rendered":"https:\/\/mimearts.it\/talleres-intensivos\/"},"modified":"2025-10-06T00:22:39","modified_gmt":"2025-10-05T22:22:39","slug":"talleres-intensivos","status":"publish","type":"page","link":"https:\/\/mimearts.it\/es\/talleres-intensivos\/","title":{"rendered":"Talleres Intensivos"},"content":{"rendered":"<div class=\"et_pb_section_1 et_pb_section et_section_regular et_flex_section\">\n<div class=\"et_pb_row_3 et_pb_row et_flex_row\">\n<div class=\"et_pb_column_3 et_pb_column et-last-child et_flex_column_24_24 et_flex_column et_pb_css_mix_blend_mode_passthrough\">\n<div class=\"et_pb_slider_1 et_pb_slider et_pb_slider_fullwidth_off et_pb_module\"><div class=\"et_pb_slides\">\n<div class=\"et_pb_slide_1 et_pb_slide et_pb_media_alignment_center et_pb_bg_layout_dark\" data-slide-id=\"divi\/slide-1\"><div class=\"et_pb_container\"><div class=\"et_pb_slider_container_inner\"><div class=\"et_pb_slide_description\"><h2 class=\"et_pb_slide_title\">Talleres Intensivos<\/h2><\/div><\/div><\/div><\/div>\n<\/div><\/div>\n<\/div>\n<\/div>\n\n<div class=\"et_pb_row_4 et_pb_row et_flex_row\">\n<div class=\"et_pb_column_4 et_pb_column et-last-child et_flex_column_24_24 et_flex_column et_pb_css_mix_blend_mode_passthrough\">\n<div class=\"et_pb_text_3 et_pb_text et_pb_bg_layout_light et_pb_text_align_left et_pb_module\"><div class=\"et_pb_text_inner\"><p>La Mime Arts Academy ofrece talleres intensivos de formaci\u00f3n con f\u00f3rmulas flexibles y adaptables a sus necesidades. Desde la introducci\u00f3n general al Mimo hasta temas muy espec\u00edficos para quienes ya tienen formaci\u00f3n, incluyendo programas dise\u00f1ados espec\u00edficamente para escuelas de artes esc\u00e9nicas de diversos tipos (danza, circo, teatro, magia, improvisaci\u00f3n), con f\u00f3rmulas dise\u00f1adas espec\u00edficamente para integrar la formaci\u00f3n desde un punto de vista actoral f\u00edsico y narrativo visual. <\/p>\n<\/div><\/div>\n\n<div class=\"et_pb_text_4 et_pb_text et_pb_bg_layout_light et_pb_text_align_left et_pb_module\"><div class=\"et_pb_text_inner\"><p>Algunos talleres se organizan durante el a\u00f1o en el Atelier Teatro F\u00edsico en Tur\u00edn, pero pueden organizarse en cualquier parte de Italia y del mundo. <\/p>\n<\/div><\/div>\n<\/div>\n<\/div>\n\n<div class=\"et_pb_row_5 et_pb_row et_flex_row\">\n<div class=\"et_pb_column_5 et_pb_column et-last-child et_flex_column_24_24 et_flex_column et_pb_css_mix_blend_mode_passthrough\">\n<div class=\"et_pb_text_5 et_pb_text et_pb_bg_layout_light et_pb_text_align_left et_pb_module\"><div class=\"et_pb_text_inner\"><p>El calendario 2025-2026 estar\u00e1 pronto en l\u00ednea, as\u00ed como el cat\u00e1logo completo de los talleres disponibles.<\/p>\n<p>&nbsp;<\/p>\n<p><strong>Para informaci\u00f3n:<\/strong><br \/>3403521156<br \/><a href=\"mailto:maat@teatrofisico.com\">maat@teatrofisico.com<\/a><\/p>\n<\/div><\/div>\n<\/div>\n<\/div>\n<\/div>","protected":false},"excerpt":{"rendered":"","protected":false},"author":1,"featured_media":0,"parent":0,"menu_order":0,"comment_status":"closed","ping_status":"closed","template":"","meta":{"footnotes":""},"class_list":["post-195","page","type-page","status-publish","hentry"],"_links":{"self":[{"href":"https:\/\/mimearts.it\/es\/wp-json\/wp\/v2\/pages\/195","targetHints":{"allow":["GET"]}}],"collection":[{"href":"https:\/\/mimearts.it\/es\/wp-json\/wp\/v2\/pages"}],"about":[{"href":"https:\/\/mimearts.it\/es\/wp-json\/wp\/v2\/types\/page"}],"author":[{"embeddable":true,"href":"https:\/\/mimearts.it\/es\/wp-json\/wp\/v2\/users\/1"}],"replies":[{"embeddable":true,"href":"https:\/\/mimearts.it\/es\/wp-json\/wp\/v2\/comments?post=195"}],"version-history":[{"count":3,"href":"https:\/\/mimearts.it\/es\/wp-json\/wp\/v2\/pages\/195\/revisions"}],"predecessor-version":[{"id":201,"href":"https:\/\/mimearts.it\/es\/wp-json\/wp\/v2\/pages\/195\/revisions\/201"}],"wp:attachment":[{"href":"https:\/\/mimearts.it\/es\/wp-json\/wp\/v2\/media?parent=195"}],"curies":[{"name":"wp","href":"https:\/\/api.w.org\/{rel}","templated":true}]}}