{"id":203,"date":"2025-10-05T18:31:02","date_gmt":"2025-10-05T16:31:02","guid":{"rendered":"https:\/\/mimearts.it\/mimelabs\/"},"modified":"2025-10-06T00:26:33","modified_gmt":"2025-10-05T22:26:33","slug":"mimelabs","status":"publish","type":"page","link":"https:\/\/mimearts.it\/es\/mimelabs\/","title":{"rendered":"MimeLabs"},"content":{"rendered":"<div class=\"et_pb_section_1 et_pb_section et_section_regular et_block_section\">\n<div class=\"et_pb_row_3 et_pb_row et_pb_gutters3 et_block_row\" id=\"mimelabs\">\n<div class=\"et_pb_column_3 et_pb_column et_pb_column_4_4 et-last-child et_block_column et_pb_css_mix_blend_mode_passthrough\">\n<div class=\"et_pb_image_1 et_pb_image et_pb_module\"><span class=\"et_pb_image_wrap\"><img loading=\"lazy\" decoding=\"async\" src=\"https:\/\/mimearts.it\/wp-content\/uploads\/2025\/10\/Logo-Mime-Labs.jpg\" width=\"1804\" height=\"584\" srcset=\"https:\/\/mimearts.it\/wp-content\/uploads\/2025\/10\/Logo-Mime-Labs.jpg 1804w, https:\/\/mimearts.it\/wp-content\/uploads\/2025\/10\/Logo-Mime-Labs-1280x414.jpg 1280w, https:\/\/mimearts.it\/wp-content\/uploads\/2025\/10\/Logo-Mime-Labs-980x317.jpg 980w, https:\/\/mimearts.it\/wp-content\/uploads\/2025\/10\/Logo-Mime-Labs-480x155.jpg 480w\" sizes=\"(min-width: 0px) and (max-width: 480px) 480px, (min-width: 481px) and (max-width: 980px) 980px, (min-width: 981px) and (max-width: 1280px) 1280px, (min-width: 1281px) 1804px, 100vw\" class=\"wp-image-156\" title=\"Logo Mime Labs\" \/><\/span><\/div>\n<\/div>\n<\/div>\n\n<div class=\"et_pb_row_4 et_pb_row et_pb_gutters3 et_block_row\">\n<div class=\"et_pb_column_4 et_pb_column et_pb_column_4_4 et-last-child et_block_column et_pb_css_mix_blend_mode_passthrough\">\n<div class=\"et_pb_text_4 et_pb_text et_pb_bg_layout_light et_pb_text_align_left et_pb_module\"><div class=\"et_pb_text_inner\"><h3><b>Laboratorios de Investigaci\u00f3n y Experimentaci\u00f3n sobre el Arte del Mimo.<\/b><\/h3>\n<p><b> <\/b><br \/><span>Est\u00e1n dise\u00f1ados para desarrollar nuevas ideas y conceptos, soluciones, encontrar caminos inexplorados y expandir los l\u00edmites de este Arte. <\/span><\/p>\n<p><span>Est\u00e1n reservados a quienes ya han completado los dos a\u00f1os de formaci\u00f3n con Matteo Cionini, pero tambi\u00e9n est\u00e1n abiertos a otras personas id\u00f3neas por su formaci\u00f3n, ideas y predisposici\u00f3n. <\/span><\/p>\n<div><\/div>\n<div>Es necesario concertar una entrevista (en l\u00ednea o presencial) con Matteo para confirmar la participaci\u00f3n.<\/div>\n<div><\/div>\n<div><\/div>\n<div>\n<p>&nbsp;<\/p>\n<p><strong>Los Mime Labs del a\u00f1o 2025-2026 ser\u00e1n dos:<\/strong><\/p>\n<p>&nbsp;<\/p>\n<\/div>\n<div>\n<div><\/div>\n<\/div>\n<\/div><\/div>\n\n<div class=\"et_pb_slider_2 et_pb_slider et_pb_slider_fullwidth_off et_pb_module\"><div class=\"et_pb_slides\">\n<div class=\"et_pb_slide_2 et_pb_slide et_pb_media_alignment_center et_pb_bg_layout_dark\" data-slide-id=\"divi\/slide-2\"><div class=\"et_pb_container\"><div class=\"et_pb_slider_container_inner\"><div class=\"et_pb_slide_description\"><h1 class=\"et_pb_slide_title\">MimoDanza<\/h1><div class=\"et_pb_slide_content\"><p style=\"text-align: left;\">Mime Lab #01<\/p>\n<\/div><\/div><\/div><\/div><\/div>\n<\/div><\/div>\n\n<div class=\"et_pb_text_5 et_pb_text et_pb_bg_layout_light et_pb_text_align_left et_pb_module\"><div class=\"et_pb_text_inner\"><h3><strong>Mime Lab #01: Mimodanza<\/strong><span><\/span><\/h3>\n<p><span>Este laboratorio pretende profundizar e investigar la zona fronteriza entre el Mimo y la Danza Contempor\u00e1nea \/ TeatroDanza. <\/span><br \/><span>Al igual que en un laboratorio de investigaci\u00f3n qu\u00edmica, dosificaremos ingredientes y los haremos reaccionar, provocando explosiones o cambiando el color y la sustancia de las cosas. <\/span><\/p>\n<div><\/div>\n<div>\n<ul>\n<li>\u00bfQu\u00e9 sucede cuando el Mimo entra en la Danza?<\/li>\n<li>\u00bfQu\u00e9 sucede cuando es la Danza la que entra en el Mimo?<\/li>\n<li>\u00bfCu\u00e1ndo un movimiento bailado se convierte en un gesto que narra?<\/li>\n<li>\u00bfQu\u00e9 podemos contar a trav\u00e9s de una danza?<\/li>\n<li>\u00bfCu\u00e1nto podemos deformar una historia manteniendo su comprensibilidad?<\/li>\n<li>\u00bfCu\u00e1nto podemos descomponer una historia sin perderla?<\/li>\n<li>Etc&#8230;<\/li>\n<\/ul>\n<\/div>\n<div><\/div>\n<div>Es un laboratorio de investigaci\u00f3n, experimentaci\u00f3n y creaci\u00f3n.<\/div>\n<div><span>Nos inspiraremos en lo que nos rodea, buscando algo que a\u00fan no existe.<\/span><\/div>\n<div><span> <\/span><\/div>\n<\/div><\/div>\n\n<div class=\"et_pb_slider_3 et_pb_slider et_pb_slider_fullwidth_off et_pb_module\"><div class=\"et_pb_slides\">\n<div class=\"et_pb_slide_3 et_pb_slide et_pb_media_alignment_center et_pb_bg_layout_dark\" data-slide-id=\"divi\/slide-3\"><div class=\"et_pb_container\"><div class=\"et_pb_slider_container_inner\"><div class=\"et_pb_slide_description\"><h1 class=\"et_pb_slide_title\">Mimo para V\u00eddeo<\/h1><div class=\"et_pb_slide_content\"><p style=\"text-align: left;\">Mime Lab #02<\/p>\n<\/div><\/div><\/div><\/div><\/div>\n<\/div><\/div>\n\n<div class=\"et_pb_text_6 et_pb_text et_pb_bg_layout_light et_pb_text_align_left et_pb_module\"><div class=\"et_pb_text_inner\"><p><strong style=\"font-size: 20px;\"><\/strong><\/p>\n<h3><strong>Mime Lab #02: Mimo para V\u00eddeo<\/strong><\/h3>\n<p><span>Este laboratorio pretende explorar el lenguaje del Mimo en la creaci\u00f3n de contenidos de v\u00eddeo, especialmente para redes sociales. <\/span>Un campo totalmente nuevo de investigaci\u00f3n, que se desarrollar\u00e1 a trav\u00e9s de experimentos pr\u00e1cticos y an\u00e1lisis de referencias y casos de estudio.<\/p>\n<div><\/div>\n<div>El laboratorio se estructura en <span><b>sesiones largas de trabajo<\/b>, con frecuencia mensual o quincenal, de aproximadamente 6 horas cada una, y en una parte de trabajo remoto entre sesiones, a trav\u00e9s de un sistema de <span><b>comunicaci\u00f3n<\/b><span> r\u00e1pido para compartir resultados e ideas.<\/span><\/span><\/span><\/div>\n<div><\/div>\n<div>El laboratorio ser\u00e1 una oportunidad para <span><b>crear contenidos de v\u00eddeo<\/b>, que se publicar\u00e1n en las cuentas de la Mime Arts Academy (Instagram y TikTok) y, por supuesto, tambi\u00e9n en las cuentas de las artistas y los artistas que participen en la creaci\u00f3n.<\/span><\/div>\n<div><\/div>\n<div>La idea es que el laboratorio funcione tambi\u00e9n como estudio de producci\u00f3n de v\u00eddeo, que pueda contribuir al crecimiento tanto de la Academia como de cada artista.<\/div>\n<div><\/div>\n<div>Las sesiones de trabajo se realizar\u00e1n principalmente en la sede de Immaginazioni Aps Ets y de la compa\u00f1\u00eda Pindarica, en <span><b>via Onorato Vigliani 11\/7<\/b><span> en Tur\u00edn (zona Mirafiori Sur): un estudio equipado con luces fotogr\u00e1ficas, fondos neutros o pantalla verde, ordenadores y todo lo necesario para la creaci\u00f3n de contenidos de v\u00eddeo profesionales.<br \/>Es posible que algunas sesiones de trabajo (o partes de ellas) se realicen en exteriores (lugares naturales, calles, plazas&#8230;)<\/span><\/span><\/div>\n<div><\/div>\n<div>Los <span><b>tipos de contenidos<\/b><span> pueden ser muy diversos:<\/span><\/span><\/div>\n<div>\n<ul>\n<li>actuaciones grabadas en estudio<\/li>\n<li>actuaciones grabadas en otras localizaciones espec\u00edficas<\/li>\n<li>actuaciones urbanas \/ experimentos sociales<\/li>\n<li>etc&#8230;<\/li>\n<\/ul>\n<div><\/div>\n<div>Una parte del trabajo se realizar\u00e1 entre sesiones y ser\u00e1 necesaria para realizar montajes de v\u00eddeo e investigaci\u00f3n en redes sociales, as\u00ed como para monitorizar las estad\u00edsticas de los contenidos publicados.<br \/>Se configurar\u00e1 un sistema de comunicaci\u00f3n e intercambio r\u00e1pido para facilitar el trabajo remoto (WhatsApp, Google Drive o similares).<\/div>\n<div><\/div>\n<\/div>\n<div>Las sesiones ser\u00e1n dirigidas principalmente por Matteo Cionini, con la posible contribuci\u00f3n de otras personas externas, expertas en lenguajes multimedia, creaci\u00f3n de contenidos de v\u00eddeo y estrategias para redes sociales. La participaci\u00f3n de personas externas puede estar sujeta a la disponibilidad de presupuesto.<\/div>\n<\/div><\/div>\n<\/div>\n<\/div>\n\n<div class=\"et_pb_row_5 et_pb_row et_pb_gutters3 et_block_row\">\n<div class=\"et_pb_column_5 et_pb_column et_pb_column_4_4 et-last-child et_block_column et_pb_css_mix_blend_mode_passthrough\">\n<div class=\"et_pb_text_7 et_pb_text et_pb_bg_layout_light et_pb_text_align_left et_pb_module\"><div class=\"et_pb_text_inner\"><p>Para m\u00e1s informaci\u00f3n sobre los <strong>MimeLabs<\/strong>, consulte y rellene este <strong>formulario<\/strong>: <strong><br \/>\n  <span style=\"color: #3e86c1;\"><br \/>\n    <a href=\"https:\/\/forms.gle\/BM6QRuhr5GZnK1oo8\" style=\"color: #3e86c1;\">https:\/\/forms.gle\/BM6QRuhr5GZnK1oo8<\/a><br \/>\n  <\/span><br \/>\n<\/strong><\/p>\n<\/div><\/div>\n<\/div>\n<\/div>\n<\/div>","protected":false},"excerpt":{"rendered":"","protected":false},"author":1,"featured_media":0,"parent":0,"menu_order":0,"comment_status":"closed","ping_status":"closed","template":"","meta":{"footnotes":""},"class_list":["post-203","page","type-page","status-publish","hentry"],"_links":{"self":[{"href":"https:\/\/mimearts.it\/es\/wp-json\/wp\/v2\/pages\/203","targetHints":{"allow":["GET"]}}],"collection":[{"href":"https:\/\/mimearts.it\/es\/wp-json\/wp\/v2\/pages"}],"about":[{"href":"https:\/\/mimearts.it\/es\/wp-json\/wp\/v2\/types\/page"}],"author":[{"embeddable":true,"href":"https:\/\/mimearts.it\/es\/wp-json\/wp\/v2\/users\/1"}],"replies":[{"embeddable":true,"href":"https:\/\/mimearts.it\/es\/wp-json\/wp\/v2\/comments?post=203"}],"version-history":[{"count":1,"href":"https:\/\/mimearts.it\/es\/wp-json\/wp\/v2\/pages\/203\/revisions"}],"predecessor-version":[{"id":204,"href":"https:\/\/mimearts.it\/es\/wp-json\/wp\/v2\/pages\/203\/revisions\/204"}],"wp:attachment":[{"href":"https:\/\/mimearts.it\/es\/wp-json\/wp\/v2\/media?parent=203"}],"curies":[{"name":"wp","href":"https:\/\/api.w.org\/{rel}","templated":true}]}}