{"id":230,"date":"2025-10-06T12:10:32","date_gmt":"2025-10-06T10:10:32","guid":{"rendered":"https:\/\/mimearts.it\/itinerarios-individuales\/"},"modified":"2025-10-06T12:13:57","modified_gmt":"2025-10-06T10:13:57","slug":"itinerarios-individuales","status":"publish","type":"page","link":"https:\/\/mimearts.it\/es\/itinerarios-individuales\/","title":{"rendered":"Itinerarios Individuales"},"content":{"rendered":"<div class=\"et_pb_section_1 et_pb_section et_section_regular et_flex_section\">\n<div class=\"et_pb_row_3 et_pb_row et_flex_row\">\n<div class=\"et_pb_column_3 et_pb_column et-last-child et_flex_column_24_24 et_flex_column et_pb_css_mix_blend_mode_passthrough\">\n<div class=\"et_pb_text_7 et_pb_text et_pb_bg_layout_light et_pb_text_align_left et_pb_module\"><div class=\"et_pb_text_inner\"><h1 style=\"text-align: center;\">ITINERARIOS INDIVIDUALES<\/h1>\n<\/div><\/div>\n<\/div>\n<\/div>\n\n<div class=\"et_pb_row_4 et_pb_row et_flex_row\">\n<div class=\"et_pb_column_4 et_pb_column et-last-child et_flex_column_24_24 et_flex_column et_pb_css_mix_blend_mode_passthrough\">\n<div class=\"et_pb_text_8 et_pb_text et_pb_bg_layout_light et_pb_text_align_left et_pb_module\"><div class=\"et_pb_text_inner\"><p>A veces ocurre que los horarios de los cursos no coinciden con los compromisos personales, o que las necesidades formativas son ligeramente diferentes de los programas did\u00e1cticos propuestos.<\/p>\n<p>En estos casos, es posible acordar y realizar un itinerario formativo individual, personalizado y perfectamente adaptado a las necesidades.<\/p>\n<p>Las f\u00f3rmulas posibles son m\u00faltiples:<\/p>\n<\/div><\/div>\n\n<div class=\"et_pb_text_9 et_pb_text et_pb_bg_layout_light et_pb_text_align_left et_pb_module\"><div class=\"et_pb_text_inner\"><ul>\n<li><strong>Curso anual personalizado<\/strong>: Clases semanales con un programa de formaci\u00f3n hecho a medida. Pensado especialmente para quienes quieren aprender desde cero. <\/li>\n<\/ul>\n<\/div><\/div>\n\n<div class=\"et_pb_text_10 et_pb_text et_pb_bg_layout_light et_pb_text_align_left et_pb_module\"><div class=\"et_pb_text_inner\"><ul>\n<li><strong>Formaci\u00f3n espec\u00edfica<\/strong>: Un ciclo de clases enfocado en un tema o una t\u00e9cnica en particular. Pensado para quienes ya tienen formaci\u00f3n y quieren aprender o profundizar en un aspecto concreto. <\/li>\n<\/ul>\n<\/div><\/div>\n\n<div class=\"et_pb_text_11 et_pb_text et_pb_bg_layout_light et_pb_text_align_left et_pb_module\"><div class=\"et_pb_text_inner\"><ul>\n<li><b>Asesoramiento creativo \/ de direcci\u00f3n<\/b>: La creaci\u00f3n de una obra de teatro m\u00edmico-gestual puede ser un desaf\u00edo muy dif\u00edcil de afrontar en solitario. El itinerario de asesoramiento creativo \/ de direcci\u00f3n puede ofrecer una valiosa ayuda en la escritura, la concepci\u00f3n o el perfeccionamiento de una obra. Las posibilidades son muchas: desde un simple asesoramiento, pasando por una \u00abmirada externa\u00bb t\u00e9cnica, hasta direcciones completas desde la concepci\u00f3n hasta la puesta en escena final.  <\/li>\n<\/ul>\n<\/div><\/div>\n<\/div>\n<\/div>\n\n<div class=\"et_pb_row_5 et_pb_row et_flex_row\">\n<div class=\"et_pb_column_5 et_pb_column et-last-child et_flex_column_24_24 et_flex_column et_pb_css_mix_blend_mode_passthrough\">\n<div class=\"et_pb_text_12 et_pb_text et_pb_bg_layout_light et_pb_text_align_left et_pb_module\"><div class=\"et_pb_text_inner\"><h3>\u00bfC\u00f3mo hacer para saber m\u00e1s?<\/h3>\n<\/div><\/div>\n\n<div class=\"et_pb_text_13 et_pb_text et_pb_bg_layout_light et_pb_text_align_left et_pb_module\"><div class=\"et_pb_text_inner\"><p>De la manera m\u00e1s antigua del mundo: hablemos. <br \/><strong><a href=\"https:\/\/mimearts.it\/es\/contactos\/\">\u00a1Pong\u00e1monos en contacto!<\/a><\/strong><\/p>\n<\/div><\/div>\n<\/div>\n<\/div>\n<\/div>","protected":false},"excerpt":{"rendered":"","protected":false},"author":1,"featured_media":0,"parent":0,"menu_order":0,"comment_status":"closed","ping_status":"closed","template":"","meta":{"footnotes":""},"class_list":["post-230","page","type-page","status-publish","hentry"],"_links":{"self":[{"href":"https:\/\/mimearts.it\/es\/wp-json\/wp\/v2\/pages\/230","targetHints":{"allow":["GET"]}}],"collection":[{"href":"https:\/\/mimearts.it\/es\/wp-json\/wp\/v2\/pages"}],"about":[{"href":"https:\/\/mimearts.it\/es\/wp-json\/wp\/v2\/types\/page"}],"author":[{"embeddable":true,"href":"https:\/\/mimearts.it\/es\/wp-json\/wp\/v2\/users\/1"}],"replies":[{"embeddable":true,"href":"https:\/\/mimearts.it\/es\/wp-json\/wp\/v2\/comments?post=230"}],"version-history":[{"count":1,"href":"https:\/\/mimearts.it\/es\/wp-json\/wp\/v2\/pages\/230\/revisions"}],"predecessor-version":[{"id":231,"href":"https:\/\/mimearts.it\/es\/wp-json\/wp\/v2\/pages\/230\/revisions\/231"}],"wp:attachment":[{"href":"https:\/\/mimearts.it\/es\/wp-json\/wp\/v2\/media?parent=230"}],"curies":[{"name":"wp","href":"https:\/\/api.w.org\/{rel}","templated":true}]}}