{"id":364,"date":"2026-03-24T22:56:34","date_gmt":"2026-03-24T21:56:34","guid":{"rendered":"https:\/\/mimearts.it\/summerschool\/"},"modified":"2026-03-25T00:41:01","modified_gmt":"2026-03-24T23:41:01","slug":"summerschool","status":"publish","type":"page","link":"https:\/\/mimearts.it\/es\/summerschool\/","title":{"rendered":"SummerSchool"},"content":{"rendered":"<div class=\"et_pb_section_1 et_pb_section et_section_regular et_flex_section\">\n<div class=\"et_pb_row_4 et_pb_row et_flex_row\">\n<div class=\"et_pb_column_4 et_pb_column et-last-child et_flex_column_24_24 et_flex_column et_pb_css_mix_blend_mode_passthrough\">\n<div class=\"et_pb_image_4 et_pb_image et_pb_module\"><span class=\"et_pb_image_wrap\"><img loading=\"lazy\" decoding=\"async\" src=\"https:\/\/mimearts.it\/wp-content\/uploads\/2026\/03\/MASS-2026-locandina-orizzontale.jpg\" width=\"2479\" height=\"1131\" srcset=\"https:\/\/mimearts.it\/wp-content\/uploads\/2026\/03\/MASS-2026-locandina-orizzontale.jpg 2479w, https:\/\/mimearts.it\/wp-content\/uploads\/2026\/03\/MASS-2026-locandina-orizzontale-1280x584.jpg 1280w, https:\/\/mimearts.it\/wp-content\/uploads\/2026\/03\/MASS-2026-locandina-orizzontale-980x447.jpg 980w, https:\/\/mimearts.it\/wp-content\/uploads\/2026\/03\/MASS-2026-locandina-orizzontale-480x219.jpg 480w\" sizes=\"(min-width: 0px) and (max-width: 480px) 480px, (min-width: 481px) and (max-width: 980px) 980px, (min-width: 981px) and (max-width: 1280px) 1280px, (min-width: 1281px) 2479px, 100vw\" class=\"wp-image-355 wp-image-356\" \/><\/span><\/div>\n<\/div>\n<\/div>\n\n<div class=\"et_pb_row_5 et_pb_row et_flex_row\">\n<div class=\"et_pb_column_5 et_pb_column et-last-child et_flex_column_24_24 et_flex_column et_pb_css_mix_blend_mode_passthrough\">\n<div class=\"et_pb_text_7 et_pb_text et_pb_bg_layout_light et_pb_text_align_left et_pb_module\"><div class=\"et_pb_text_inner\"><h1 style=\"text-align: center;\">MIME ARTS SUMMER SCHOOL<\/h1>\n<\/div><\/div>\n\n<div class=\"et_pb_text_8 et_pb_text et_pb_bg_layout_light et_pb_text_align_left et_pb_module\"><div class=\"et_pb_text_inner\"><p style=\"text-align: center;\"><span style=\"font-weight: 400;\">En busca del Nuevo Mimo<\/span><\/p>\n<\/div><\/div>\n\n<div class=\"et_pb_text_9 et_pb_text et_pb_bg_layout_light et_pb_text_align_left et_pb_module\"><div class=\"et_pb_text_inner\"><p style=\"text-align: center;\"><strong>Del 20 al 24 de julio de 2026<\/strong><br \/>Teatro del Montevaso &#8211; Chianni (PI) &#8211; Toscana<\/p>\n<\/div><\/div>\n<\/div>\n<\/div>\n\n<div class=\"et_pb_row_6 et_pb_row et_flex_row\">\n<div class=\"et_pb_column_6 et_pb_column et-last-child et_flex_column_24_24 et_flex_column et_pb_css_mix_blend_mode_passthrough\">\n<div class=\"et_pb_text_10 et_pb_text et_pb_bg_layout_light et_pb_text_align_left et_pb_module\"><div class=\"et_pb_text_inner\"><p><span style=\"font-weight: 400;\">Inmersi\u00f3n residencial completa dedicada a las Artes del Mimo, en el espl\u00e9ndido marco de las colinas toscanas. Ser\u00e1 una semana intensiva en la que podr\u00e1 aprender, consolidar y explorar su Arte del Mimo personal. <\/span><\/p>\n<p>&nbsp;<\/p>\n<p><b>\u00a1Formaci\u00f3n + exploraci\u00f3n + creaci\u00f3n + conexi\u00f3n!<\/b><\/p>\n<p>&nbsp;<\/p>\n<p><span style=\"font-weight: 400;\">Esta semana se caracteriza por una amplia variedad de t\u00e9cnicas, est\u00edmulos y principios te\u00f3ricos que proporcionan a los participantes herramientas para la exploraci\u00f3n de un camino personal hacia la narraci\u00f3n corporal. <\/span><\/p>\n<p><span style=\"font-weight: 400;\">Del Mimo-Danza al Street Mime, del Teatro para Ni\u00f1os al Mimo Experimental\u2026 <\/span><\/p>\n<p><span style=\"font-weight: 400;\">Como todo Arte, tambi\u00e9n en el Mimo pueden existir g\u00e9neros diversos partiendo de los mismos principios, dando vida a tantos estilos como artistas que lo practican. <\/span><\/p>\n<p><span style=\"font-weight: 400;\">Se trata de un nuevo m\u00e9todo, una visi\u00f3n del Mimo llamada <\/span><b>\u00abNouveau Mime\u00bb.<\/b><span style=\"font-weight: 400;\"> <\/span><\/p>\n<p><span style=\"font-weight: 400;\">El Nouveau Mime es el Arte del Mimo a 360\u00b0 que, sin olvidar su esencia y su milenaria historia, se expande y explora numerosos g\u00e9neros e infinitos estilos. <\/span><\/p>\n<\/div><\/div>\n\n<div class=\"et_pb_image_5 et_pb_image et_pb_module\"><span class=\"et_pb_image_wrap\"><img loading=\"lazy\" decoding=\"async\" src=\"https:\/\/mimearts.it\/wp-content\/uploads\/2026\/03\/capannone2_JPG.jpg\" width=\"1637\" height=\"1090\" srcset=\"https:\/\/mimearts.it\/wp-content\/uploads\/2026\/03\/capannone2_JPG.jpg 1637w, https:\/\/mimearts.it\/wp-content\/uploads\/2026\/03\/capannone2_JPG-1280x852.jpg 1280w, https:\/\/mimearts.it\/wp-content\/uploads\/2026\/03\/capannone2_JPG-980x653.jpg 980w, https:\/\/mimearts.it\/wp-content\/uploads\/2026\/03\/capannone2_JPG-480x320.jpg 480w\" sizes=\"(min-width: 0px) and (max-width: 480px) 480px, (min-width: 481px) and (max-width: 980px) 980px, (min-width: 981px) and (max-width: 1280px) 1280px, (min-width: 1281px) 1637px, 100vw\" class=\"wp-image-358\" \/><\/span><\/div>\n\n<div class=\"et_pb_text_11 et_pb_text et_pb_bg_layout_light et_pb_text_align_left et_pb_module\"><div class=\"et_pb_text_inner\"><p><strong>Principales temas de la Mime Arts Summer School:<\/strong><\/p>\n<ul>\n<li style=\"font-weight: 400;\" aria-level=\"1\"><b>Training<\/b><span style=\"font-weight: 400;\"> f\u00edsico y Aislamientos<\/span><\/li>\n<li style=\"font-weight: 400;\" aria-level=\"1\"><b>Mimesis<\/b><span style=\"font-weight: 400;\">: principios de la narraci\u00f3n universal<\/span><\/li>\n<li style=\"font-weight: 400;\" aria-level=\"1\"><b>Poiesis<\/b><span style=\"font-weight: 400;\">: el poder de crear de la nada<\/span><\/li>\n<li style=\"font-weight: 400;\" aria-level=\"1\"><span style=\"font-weight: 400;\">Principios de la <\/span><b>Psicolog\u00eda de la Percepci\u00f3n<\/b><span style=\"font-weight: 400;\"> aplicados al Mimo<\/span><\/li>\n<li style=\"font-weight: 400;\" aria-level=\"1\"><span style=\"font-weight: 400;\">Principios de la<\/span><b> narraci\u00f3n cinematogr\u00e1fica<\/b><span style=\"font-weight: 400;\"> aplicados a la Narraci\u00f3n Corporal<\/span><\/li>\n<li style=\"font-weight: 400;\" aria-level=\"1\"><span style=\"font-weight: 400;\">T\u00e9cnicas de Mimo para dar vida a <\/span><b>objetos reales<\/b><\/li>\n<li style=\"font-weight: 400;\" aria-level=\"1\"><span style=\"font-weight: 400;\">Explorar el <\/span><b>Mimo-Danza (<\/b><span style=\"font-weight: 400;\">Physical Storytelling)<\/span><\/li>\n<li style=\"font-weight: 400;\" aria-level=\"1\"><b>Improvisaciones<\/b><span style=\"font-weight: 400;\"> y peque\u00f1as creaciones<\/span><\/li>\n<li style=\"font-weight: 400;\" aria-level=\"1\"><span style=\"font-weight: 400;\">Laboratorio de <\/span><b>Creaci\u00f3n<\/b><span style=\"font-weight: 400;\"> para la realizaci\u00f3n de una performance final<\/span><\/li>\n<\/ul>\n<p>&nbsp;<\/p>\n<h3><b>Qu\u00e9 esperar<\/b><\/h3>\n<ul>\n<li style=\"font-weight: 400;\" aria-level=\"1\"><span style=\"font-weight: 400;\">Una<\/span><b> sala teatral<\/b><span style=\"font-weight: 400;\"> con grandes ventanales, inmersa <\/span><b>en las colinas toscanas<\/b><span style=\"font-weight: 400;\">.<\/span> <\/li>\n<li style=\"font-weight: 400;\" aria-level=\"1\"><span style=\"font-weight: 400;\">Una<\/span><b> villa hist\u00f3rica <\/b><span style=\"font-weight: 400;\">con apartamentos y una acogedora cocina donde comer todos juntos.<\/span> <\/li>\n<li style=\"font-weight: 400;\" aria-level=\"1\"><span style=\"font-weight: 400;\">Muchas horas al d\u00eda dedicadas al <\/span><b>training<\/b><span style=\"font-weight: 400;\">, a la <\/span><b>formaci\u00f3n<\/b><span style=\"font-weight: 400;\"> y a la <\/span><b>creaci\u00f3n<\/b><span style=\"font-weight: 400;\">.<\/span><\/li>\n<li style=\"font-weight: 400;\" aria-level=\"1\"><span style=\"font-weight: 400;\">Formaci\u00f3n profesional y ayuda a la creaci\u00f3n, respetando su trayectoria art\u00edstica y sus objetivos.<\/span><\/li>\n<li style=\"font-weight: 400;\" aria-level=\"1\"><b>Momentos de convivencia <\/b><span style=\"font-weight: 400;\">de conexi\u00f3n y conocimiento.<\/span> <\/li>\n<li style=\"font-weight: 400;\" aria-level=\"1\"><span style=\"font-weight: 400;\">\u00a1Una semana de crecimiento y <\/span><b>nuevos descubrimientos<\/b><span style=\"font-weight: 400;\">!<\/span> <\/li>\n<\/ul>\n<\/div><\/div>\n\n<div class=\"et_pb_image_6 et_pb_image et_pb_module\"><span class=\"et_pb_image_wrap\"><img loading=\"lazy\" decoding=\"async\" src=\"https:\/\/mimearts.it\/wp-content\/uploads\/2026\/03\/area-wifi_JPG.jpg\" width=\"1637\" height=\"1090\" srcset=\"https:\/\/mimearts.it\/wp-content\/uploads\/2026\/03\/area-wifi_JPG.jpg 1637w, https:\/\/mimearts.it\/wp-content\/uploads\/2026\/03\/area-wifi_JPG-1280x852.jpg 1280w, https:\/\/mimearts.it\/wp-content\/uploads\/2026\/03\/area-wifi_JPG-980x653.jpg 980w, https:\/\/mimearts.it\/wp-content\/uploads\/2026\/03\/area-wifi_JPG-480x320.jpg 480w\" sizes=\"(min-width: 0px) and (max-width: 480px) 480px, (min-width: 481px) and (max-width: 980px) 980px, (min-width: 981px) and (max-width: 1280px) 1280px, (min-width: 1281px) 1637px, 100vw\" class=\"wp-image-359\" \/><\/span><\/div>\n\n<div class=\"et_pb_text_12 et_pb_text et_pb_bg_layout_light et_pb_text_align_left et_pb_module\"><div class=\"et_pb_text_inner\"><h3><b>Detalles<\/b><\/h3>\n<p><span style=\"font-weight: 400;\"><strong>Del 20 al 24 de julio de 2026<\/strong><br \/><\/span><em><span style=\"font-weight: 400;\">(llegada el 19 de julio, salida el 25 de julio)<\/span><\/em><\/p>\n<p><span style=\"font-weight: 400;\"><strong>@ Teatro del Montevaso<\/strong><br \/><\/span><span style=\"font-weight: 400;\"><a href=\"https:\/\/maps.app.goo.gl\/idENZaVtd1wCHhbJA\">https:\/\/maps.app.goo.gl\/idENZaVtd1wCHhbJA<\/a><br \/><a href=\"https:\/\/maps.app.goo.gl\/idENZaVtd1wCHhbJA\"><\/a><\/span><a href=\"http:\/\/www.teatrodelmontevaso.it\/\"><span style=\"font-weight: 400;\">http:\/\/www.teatrodelmontevaso.it\/<\/span><\/a><\/p>\n<p>&nbsp;<\/p>\n<h3><b>PROGRAMA:<\/b><b><\/b><\/h3>\n<p>&nbsp;<\/p>\n<p><b>Domingo 19 de julio<\/b><\/p>\n<ul>\n<li><span style=\"font-weight: 400;\">Llegada durante el d\u00eda<\/span><\/li>\n<li><span style=\"font-weight: 400;\">Instalaci\u00f3n en las habitaciones<\/span><\/li>\n<li><span style=\"font-weight: 400;\">Cena de conocimiento mutuo y compartir objetivos<\/span><\/li>\n<\/ul>\n<p>&nbsp;<\/p>\n<p><b>Del 20 al 24 de julio incluidos<\/b><\/p>\n<ul>\n<li style=\"font-weight: 400;\" aria-level=\"1\"><span style=\"font-weight: 400;\">Desayuno<\/span><\/li>\n<li style=\"font-weight: 400;\" aria-level=\"1\"><span style=\"font-weight: 400;\">10:00 &#8211; 13:00: Sesi\u00f3n de trabajo matutina<\/span><\/li>\n<li style=\"font-weight: 400;\" aria-level=\"1\"><span style=\"font-weight: 400;\">Pausa para el almuerzo<\/span><\/li>\n<li style=\"font-weight: 400;\" aria-level=\"1\"><span style=\"font-weight: 400;\">14:30 &#8211; 18:30: Sesi\u00f3n de trabajo vespertina<\/span><\/li>\n<li style=\"font-weight: 400;\" aria-level=\"1\"><span style=\"font-weight: 400;\">Tiempo libre<\/span><\/li>\n<li style=\"font-weight: 400;\" aria-level=\"1\"><span style=\"font-weight: 400;\">desde las 20:00: Cena y posibles actividades nocturnas (juegos, proyecciones, espect\u00e1culos\u2026)<\/span><\/li>\n<\/ul>\n<p>&nbsp;<\/p>\n<p><b>Viernes 24 de julio &#8211; noche<\/b><\/p>\n<ul>\n<li style=\"font-weight: 400;\" aria-level=\"1\"><span style=\"font-weight: 400;\">Mime Cabaret de presentaci\u00f3n p\u00fablica de las creaciones o tambi\u00e9n de n\u00fameros de repertorio<\/span><\/li>\n<li style=\"font-weight: 400;\" aria-level=\"1\"><span style=\"font-weight: 400;\">A continuaci\u00f3n: \u00a1Mime Party!<\/span><\/li>\n<\/ul>\n<p>&nbsp;<\/p>\n<p><b>S\u00e1bado 25 de julio<\/b><\/p>\n<ul>\n<li style=\"font-weight: 400;\" aria-level=\"1\"><span style=\"font-weight: 400;\">Desayuno y c\u00edrculo de cierre<\/span><\/li>\n<li style=\"font-weight: 400;\" aria-level=\"1\"><span style=\"font-weight: 400;\">Salida<\/span><\/li>\n<\/ul>\n<p>&nbsp;<\/p>\n<p><b>COSTE<\/b><span style=\"font-weight: 400;\">:<\/span><\/p>\n<ul>\n<li style=\"font-weight: 400;\" aria-level=\"1\"><span style=\"font-weight: 400;\">650,00 \u20ac todo incluido (seminario, manutenci\u00f3n y alojamiento)<\/span><\/li>\n<li style=\"font-weight: 400;\" aria-level=\"1\"><span style=\"font-weight: 400;\">Antes del 30 de abril: tarifa anticipada a 600,00 \u20ac<\/span>\n<p>&nbsp;<\/p>\n<\/li>\n<li style=\"font-weight: 400;\" aria-level=\"1\"><span style=\"font-weight: 400;\">Los participantes que viven en la Uni\u00f3n Europea pueden solicitar una subvenci\u00f3n de hasta aproximadamente 1.000 \u20ac<br \/><\/span><a href=\"https:\/\/culture.ec.europa.eu\/culture-moves-europe\/calls\/call-for-individual-mobility-2025-2026\"><span style=\"font-weight: 400;\">https:\/\/culture.ec.europa.eu\/culture-moves-europe\/calls\/call-for-individual-mobility-2025-2026<\/span><\/a><\/li>\n<\/ul>\n<p>&nbsp;<\/p>\n<p>&nbsp;<\/p>\n<\/div><\/div>\n\n<div class=\"et_pb_image_7 et_pb_image et_pb_module\"><span class=\"et_pb_image_wrap\"><img loading=\"lazy\" decoding=\"async\" src=\"https:\/\/mimearts.it\/wp-content\/uploads\/2026\/03\/capannone2_JPG.jpg\" width=\"1637\" height=\"1090\" srcset=\"https:\/\/mimearts.it\/wp-content\/uploads\/2026\/03\/capannone2_JPG.jpg 1637w, https:\/\/mimearts.it\/wp-content\/uploads\/2026\/03\/capannone2_JPG-1280x852.jpg 1280w, https:\/\/mimearts.it\/wp-content\/uploads\/2026\/03\/capannone2_JPG-980x653.jpg 980w, https:\/\/mimearts.it\/wp-content\/uploads\/2026\/03\/capannone2_JPG-480x320.jpg 480w\" sizes=\"(min-width: 0px) and (max-width: 480px) 480px, (min-width: 481px) and (max-width: 980px) 980px, (min-width: 981px) and (max-width: 1280px) 1280px, (min-width: 1281px) 1637px, 100vw\" class=\"wp-image-358\" \/><\/span><\/div>\n\n<div class=\"et_pb_text_13 et_pb_text et_pb_bg_layout_light et_pb_text_align_left et_pb_module\"><div class=\"et_pb_text_inner\"><h3><b>A qui\u00e9n va dirigida<\/b><\/h3>\n<p><span style=\"font-weight: 400;\">La Summer School est\u00e1 dirigida principalmente a:<\/span><\/p>\n<ul>\n<li style=\"font-weight: 400;\" aria-level=\"1\"><span style=\"font-weight: 400;\">Performers profesionales <\/span><\/li>\n<li style=\"font-weight: 400;\" aria-level=\"1\"><span style=\"font-weight: 400;\">Personas a\u00fan no profesionales con formaci\u00f3n en Artes Performativas<\/span><\/li>\n<li style=\"font-weight: 400;\" aria-level=\"1\"><span style=\"font-weight: 400;\">Personas que quieren empezar a estudiar Mimo<\/span><\/li>\n<\/ul>\n<p><b>Idiomas hablados<br \/><\/b><span style=\"font-weight: 400;\">Italiano, English, Fran\u00e7ais, Espa\u00f1ol, Portugu\u00eas<\/span> <\/p>\n<p>&nbsp;<\/p>\n<h3><b>Matteo Cionini<\/b><\/h3>\n<ul>\n<li style=\"font-weight: 400;\" aria-level=\"1\"><b>Director<\/b><span style=\"font-weight: 400;\"> de la <\/span><a href=\"https:\/\/mimearts.it\/es\/\"><span style=\"font-weight: 400;\">Mime Arts Academy Torino<\/span><\/a><\/li>\n<li style=\"font-weight: 400;\" aria-level=\"1\"><b>Docente<\/b><span style=\"font-weight: 400;\"> de Mimo en el <\/span><a href=\"https:\/\/teatrofisico.com\"><span style=\"font-weight: 400;\">Atelier Teatro Fisico<\/span><\/a><span style=\"font-weight: 400;\"> Philip Radice<\/span><\/li>\n<li style=\"font-weight: 400;\" aria-level=\"1\"><b>Director Art\u00edstico<\/b><span style=\"font-weight: 400;\"> del <\/span><a href=\"https:\/\/lovemime.com\"><span style=\"font-weight: 400;\">Torino International Mime Festival<\/span><\/a><\/li>\n<li style=\"font-weight: 400;\" aria-level=\"1\"><b>Director<\/b><span style=\"font-weight: 400;\"> de la compa\u00f1\u00eda Mimetica<\/span><\/li>\n<li style=\"font-weight: 400;\" aria-level=\"1\"><b>Presidente<\/b><span style=\"font-weight: 400;\"> de Immaginazioni Aps<\/span><\/li>\n<li style=\"font-weight: 400;\" aria-level=\"1\"><b>Actor y Mimo<\/b><span style=\"font-weight: 400;\"> con m\u00e1s de 20 a\u00f1os de experiencia internacional.<\/span><span style=\"font-weight: 400;\"><br \/><\/span><span style=\"font-weight: 400;\">Sus espect\u00e1culos se han representado en toda Europa, en M\u00e9xico, Cuba, Armenia, Tailandia, Jap\u00f3n, Indonesia y Australia.<\/span><\/li>\n<\/ul>\n<p>&nbsp;<\/p>\n<p><b>Licenciado<\/b><span style=\"font-weight: 400;\"> en el Departamento de Arte, M\u00fasica y Espect\u00e1culo de la Universidad de Bolonia, con tesis en Historia de la Danza y del Mimo.<br \/><\/span><span style=\"font-weight: 400;\">Se form\u00f3 profesionalmente en la <\/span><b>Performing Arts University Torino<\/b><span style=\"font-weight: 400;\"> dirigida por Philip Radice (m\u00e9todo Lecoq).<\/span><span style=\"font-weight: 400;\"> Ha profundizado su <\/span><b>formaci\u00f3n<\/b><span style=\"font-weight: 400;\"> en Mimo con Maestros como Corinne Soum y Steven Wasson, Yves Lebreton, Elena Serra, Patrizia Besantini, Familie Floz y otros.<\/span><\/p>\n<p> <span style=\"font-weight: 400;\">Desde 2008 ense\u00f1a Mimo y Teatro F\u00edsico y dirige Talleres Intensivos<\/span><\/p>\n<p><span style=\"font-weight: 400;\">Desde 2015 es docente de Mimo en el Atelier Teatro Fisico<\/span><\/p>\n<p>&nbsp;<\/p>\n<p><span style=\"font-weight: 400;\"> <\/span><\/p>\n<h3><b>MAAT<\/b><\/h3>\n<p><span style=\"font-weight: 400;\">La <\/span><b>Mime Arts Academy Torino <\/b><span style=\"font-weight: 400;\">nace en 2025 como \u00abDepartamento de Mimo\u00bb dentro del Atelier Teatro Fisico dirigido por Philip Radice.<\/span> <\/p>\n<p><span style=\"font-weight: 400;\">Recoge m\u00e1s de 15 a\u00f1os de experiencia e investigaci\u00f3n pedag\u00f3gica de Matteo Cionini, imaginando una realidad formativa m\u00e1s amplia y especializada en la nueva Arte del Mimo. <\/span><\/p>\n<p><span style=\"font-weight: 400;\">Junto a su trayectoria y su visi\u00f3n denominada \u00abNouveau Mime\u00bb, el itinerario formativo cuenta con la colaboraci\u00f3n de Carlotta Basso, joven artista y docente de Mimo Corp\u00f3reo. <\/span><\/p>\n<p><span style=\"font-weight: 400;\">La MAAT es una realidad din\u00e1mica, que ofrece un <\/span><b>abanico de posibilidades formativas<\/b><span style=\"font-weight: 400;\"> adaptadas a todas las necesidades:<\/span><\/p>\n<ul>\n<li style=\"font-weight: 400;\" aria-level=\"1\"><span style=\"font-weight: 400;\"><strong>Curso Profesional<\/strong> en Tur\u00edn (2 a\u00f1os + 1)<\/span><\/li>\n<li style=\"font-weight: 400;\" aria-level=\"1\"><span style=\"font-weight: 400;\"><strong>Summer School<\/strong> intensiva residencial<\/span><\/li>\n<li style=\"font-weight: 400;\" aria-level=\"1\">Laboratorios de <strong>Investigaci\u00f3n y Experimentaci\u00f3n<\/strong><\/li>\n<li style=\"font-weight: 400;\" aria-level=\"1\"><span style=\"font-weight: 400;\"><strong>Talleres<\/strong> Intensivos para escuelas de artes performativas (en Italia y en el mundo)<\/span><\/li>\n<li style=\"font-weight: 400;\" aria-level=\"1\"><span style=\"font-weight: 400;\"><strong>Itinerarios individuales<\/strong> de formaci\u00f3n, consultor\u00eda art\u00edstica y direcci\u00f3n. <\/span><\/li>\n<\/ul>\n<p>&nbsp;<\/p>\n<h3><b>Teatro del Montevaso<\/b><\/h3>\n<p><span style=\"font-weight: 400;\">Situado entre las colinas de Chianni, Toscana, el Teatro del Montevaso nace en 1994 como un proyecto art\u00edstico y civil profundamente arraigado en la naturaleza y las tradiciones populares. Fundado originalmente como \u00abTeatro Agricolo\u00bb, ha visto entre sus protagonistas figuras destacadas de la escena contempor\u00e1nea como Ascanio Celestini, Gaetano Ventriglia y Jean Meningue.  <\/span><\/p>\n<p><span style=\"font-weight: 400;\">La filosof\u00eda del centro se fundamenta en el encuentro entre investigaci\u00f3n teatral y hospitalidad rural, transformando la finca en un laboratorio permanente de formaci\u00f3n y creaci\u00f3n. Hoy, el Teatro del Montevaso es un punto de referencia internacional para seminarios residenciales y producciones de autor, donde el arte esc\u00e9nico se despoja de lo superfluo para reencontrar una dimensi\u00f3n aut\u00e9ntica y comunitaria. <\/span><\/p>\n<\/div><\/div>\n<\/div>\n<\/div>\n\n<div class=\"et_pb_row_7 et_pb_row et_flex_row\">\n<div class=\"et_pb_column_7 et_pb_column et-last-child et_flex_column_24_24 et_flex_column et_pb_css_mix_blend_mode_passthrough\">\n<div class=\"et_pb_code_1 et_pb_code et_pb_module\"><div class=\"et_pb_code_inner\"><iframe src=\"https:\/\/www.google.com\/maps\/embed?pb=!1m18!1m12!1m3!1d2897.2779618714735!2d10.613531875708569!3d43.43391036658698!2m3!1f0!2f0!3f0!3m2!1i1024!2i768!4f13.1!3m3!1m2!1s0x12d5f80a2cfb64cd%3A0xb9ee6bb922a4ffad!2sTenuta%20Agroforestale%20del%20Montevaso!5e0!3m2!1sit!2sit!4v1774393810931!5m2!1sit!2sit\" width=\"600\" height=\"450\" style=\"border:0;\" allowfullscreen=\"\" loading=\"lazy\" referrerpolicy=\"no-referrer-when-downgrade\"><\/iframe><\/div><\/div>\n<\/div>\n<\/div>\n<\/div>","protected":false},"excerpt":{"rendered":"","protected":false},"author":1,"featured_media":0,"parent":0,"menu_order":0,"comment_status":"closed","ping_status":"closed","template":"","meta":{"footnotes":""},"class_list":["post-364","page","type-page","status-publish","hentry"],"_links":{"self":[{"href":"https:\/\/mimearts.it\/es\/wp-json\/wp\/v2\/pages\/364","targetHints":{"allow":["GET"]}}],"collection":[{"href":"https:\/\/mimearts.it\/es\/wp-json\/wp\/v2\/pages"}],"about":[{"href":"https:\/\/mimearts.it\/es\/wp-json\/wp\/v2\/types\/page"}],"author":[{"embeddable":true,"href":"https:\/\/mimearts.it\/es\/wp-json\/wp\/v2\/users\/1"}],"replies":[{"embeddable":true,"href":"https:\/\/mimearts.it\/es\/wp-json\/wp\/v2\/comments?post=364"}],"version-history":[{"count":1,"href":"https:\/\/mimearts.it\/es\/wp-json\/wp\/v2\/pages\/364\/revisions"}],"predecessor-version":[{"id":365,"href":"https:\/\/mimearts.it\/es\/wp-json\/wp\/v2\/pages\/364\/revisions\/365"}],"wp:attachment":[{"href":"https:\/\/mimearts.it\/es\/wp-json\/wp\/v2\/media?parent=364"}],"curies":[{"name":"wp","href":"https:\/\/api.w.org\/{rel}","templated":true}]}}